{"id":62,"date":"2024-01-24T18:30:15","date_gmt":"2024-01-24T17:30:15","guid":{"rendered":"https:\/\/www.smart-agent.eu\/?page_id=62"},"modified":"2024-07-04T19:49:24","modified_gmt":"2024-07-04T17:49:24","slug":"home","status":"publish","type":"page","link":"https:\/\/www.smart-agent.eu\/en\/","title":{"rendered":"Home"},"content":{"rendered":"<h1 class=\"wp-block-heading has-custom-smart-agent-blue-color has-text-color has-link-color wp-elements-5f9c48f516bd88583eb0d3799f1f2f7d\">Welcome to Smart Agent<\/h1>\n\n\n\n<figure class=\"wp-block-image size-large\"><img loading=\"lazy\" decoding=\"async\" width=\"1024\" height=\"586\" src=\"https:\/\/www.smart-agent.eu\/wp-content\/uploads\/2024\/01\/home_graphic-1024x586.png\" alt=\"\" class=\"wp-image-25\" srcset=\"https:\/\/www.smart-agent.eu\/wp-content\/uploads\/2024\/01\/home_graphic-1024x586.png 1024w, https:\/\/www.smart-agent.eu\/wp-content\/uploads\/2024\/01\/home_graphic-300x172.png 300w, https:\/\/www.smart-agent.eu\/wp-content\/uploads\/2024\/01\/home_graphic-768x440.png 768w, https:\/\/www.smart-agent.eu\/wp-content\/uploads\/2024\/01\/home_graphic-1536x880.png 1536w, https:\/\/www.smart-agent.eu\/wp-content\/uploads\/2024\/01\/home_graphic-2048x1173.png 2048w\" sizes=\"auto, (max-width: 1024px) 100vw, 1024px\" \/><\/figure>\n\n\n\n<p>Smart Agent is developing a smart assistant for landlords and real estate agents. The aim is to make advanced digital technology and artificial intelligence accessible to landlords and real estate agents in order to save costs and spend more time on the beautiful things in life.<\/p>\n\n\n\n<p>Smart Agent is aimed at all landlords and real estate agents, even those with little online experience. Smart Agent customers can easily use the service via our intuitive user interface.<\/p>\n\n\n\n<p>By digitizing and automating previously manual processes, Smart Agent customers can increase their efficiency. Instead of analogue communication between real estate agents, landlords and prospective tenants, users enter the relevant information once via our web app . In the medium term, Smart Agent wants to establish itself as the first point of contact for landlords and real estate agents and support these people in all tasks related to letting.<\/p>\n\n\n\n<p><strong>Would you like to learn more about Smart Agent, test the prototype or join our team?<\/strong><\/p>\n\n\n\n<p>Contact us: <strong><a href=\"mailto:info@smart-agent.eu\">info@smart-agent.eu<\/a><\/strong><\/p>","protected":false},"excerpt":{"rendered":"<p>Herzlich willkommen bei Smart Agent Smart Agent entwickelt einen smarten Assistenten f\u00fcr Vermieter und Immobilienmakler. Ziel ist es, fortschrittliche digitale Technologie und K\u00fcnstliche Intelligenz Vermietern und Immobilienmakler zug\u00e4nglich zu machen, um Kosten zu sparen und mehr Zeit f\u00fcr die sch\u00f6nen Dinge des Lebens zu haben. Smart Agent richtet sich an alle Vermieter und Immobilienmakler, auch [&hellip;]<\/p>","protected":false},"author":2,"featured_media":0,"parent":0,"menu_order":0,"comment_status":"closed","ping_status":"closed","template":"plain-page","meta":{"footnotes":""},"class_list":["post-62","page","type-page","status-publish","hentry"],"_links":{"self":[{"href":"https:\/\/www.smart-agent.eu\/en\/wp-json\/wp\/v2\/pages\/62","targetHints":{"allow":["GET"]}}],"collection":[{"href":"https:\/\/www.smart-agent.eu\/en\/wp-json\/wp\/v2\/pages"}],"about":[{"href":"https:\/\/www.smart-agent.eu\/en\/wp-json\/wp\/v2\/types\/page"}],"author":[{"embeddable":true,"href":"https:\/\/www.smart-agent.eu\/en\/wp-json\/wp\/v2\/users\/2"}],"replies":[{"embeddable":true,"href":"https:\/\/www.smart-agent.eu\/en\/wp-json\/wp\/v2\/comments?post=62"}],"version-history":[{"count":8,"href":"https:\/\/www.smart-agent.eu\/en\/wp-json\/wp\/v2\/pages\/62\/revisions"}],"predecessor-version":[{"id":181,"href":"https:\/\/www.smart-agent.eu\/en\/wp-json\/wp\/v2\/pages\/62\/revisions\/181"}],"wp:attachment":[{"href":"https:\/\/www.smart-agent.eu\/en\/wp-json\/wp\/v2\/media?parent=62"}],"curies":[{"name":"wp","href":"https:\/\/api.w.org\/{rel}","templated":true}]}}